{"id":146,"date":"2020-11-14T13:40:43","date_gmt":"2020-11-14T12:40:43","guid":{"rendered":"http:\/\/rotaryo.cluster030.hosting.ovh.net\/?page_id=146"},"modified":"2020-11-14T18:48:01","modified_gmt":"2020-11-14T17:48:01","slug":"les-camps-dete","status":"publish","type":"page","link":"https:\/\/rotarytempleuveenpevele.org\/index.php\/les-actions-jeunesses\/les-camps-dete\/","title":{"rendered":"les camps d&rsquo;Et\u00e9"},"content":{"rendered":"\n<p>De nombreux districts et club du Rotary organisent r\u00e9gluli\u00e9rement des camps d&rsquo;Et\u00e9 pour  les jeunes du monde entier.<\/p>\n\n\n\n<p><\/p>\n\n\n\n<ul class=\"wp-block-list\"><li>Objectifs : favoriser les \u00e9changes d\u2019id\u00e9es entre les jeunes, confronter des points de vue, d\u00e9velopper la compr\u00e9hension et l\u2019amiti\u00e9 internationales.<\/li><li>Rassemblements \u00e9ducatifs, culturels ou d\u2019agr\u00e9ment.<\/li><li>Organis\u00e9s par des Rotary Clubs ou des districts rotariens<\/li><li>Regroupent g\u00e9n\u00e9ralement 15 \u00e0 20 jeunes, de nationalit\u00e9s diff\u00e9rentes, tous obligatoirement parrain\u00e9s par un Rotary Club.<\/li><li>Dur\u00e9es :\u00a0 2 \u00e0 3 semaines au printemps, durant les vacances d\u2019\u00e9t\u00e9 ou en hiver.<\/li><\/ul>\n\n\n\n<p>Toutes les informations sur les camps d&rsquo;Et\u00e9 se trouvent \u00e0 l&rsquo;adresse suivante : <\/p>\n\n\n\n<p><a href=\"https:\/\/www.crjfr.org\/600_p_54411\/camps-tours.html\">https:\/\/www.crjfr.org\/600_p_54411\/camps-tours.html<\/a><\/p>\n\n\n\n<p><\/p>\n","protected":false},"excerpt":{"rendered":"<p>De nombreux districts et club du Rotary organisent r\u00e9gluli\u00e9rement des camps d&rsquo;Et\u00e9 pour les jeunes du monde entier. Objectifs : favoriser les \u00e9changes d\u2019id\u00e9es entre<\/p>\n","protected":false},"author":3,"featured_media":0,"parent":144,"menu_order":0,"comment_status":"closed","ping_status":"closed","template":"","meta":{"_eb_attr":"","footnotes":""},"class_list":["post-146","page","type-page","status-publish","hentry"],"aioseo_notices":[],"_links":{"self":[{"href":"https:\/\/rotarytempleuveenpevele.org\/index.php\/wp-json\/wp\/v2\/pages\/146","targetHints":{"allow":["GET"]}}],"collection":[{"href":"https:\/\/rotarytempleuveenpevele.org\/index.php\/wp-json\/wp\/v2\/pages"}],"about":[{"href":"https:\/\/rotarytempleuveenpevele.org\/index.php\/wp-json\/wp\/v2\/types\/page"}],"author":[{"embeddable":true,"href":"https:\/\/rotarytempleuveenpevele.org\/index.php\/wp-json\/wp\/v2\/users\/3"}],"replies":[{"embeddable":true,"href":"https:\/\/rotarytempleuveenpevele.org\/index.php\/wp-json\/wp\/v2\/comments?post=146"}],"version-history":[{"count":3,"href":"https:\/\/rotarytempleuveenpevele.org\/index.php\/wp-json\/wp\/v2\/pages\/146\/revisions"}],"predecessor-version":[{"id":161,"href":"https:\/\/rotarytempleuveenpevele.org\/index.php\/wp-json\/wp\/v2\/pages\/146\/revisions\/161"}],"up":[{"embeddable":true,"href":"https:\/\/rotarytempleuveenpevele.org\/index.php\/wp-json\/wp\/v2\/pages\/144"}],"wp:attachment":[{"href":"https:\/\/rotarytempleuveenpevele.org\/index.php\/wp-json\/wp\/v2\/media?parent=146"}],"curies":[{"name":"wp","href":"https:\/\/api.w.org\/{rel}","templated":true}]}}