{"id":148,"date":"2020-11-14T14:07:11","date_gmt":"2020-11-14T13:07:11","guid":{"rendered":"http:\/\/rotaryo.cluster030.hosting.ovh.net\/?page_id=148"},"modified":"2020-11-22T13:50:02","modified_gmt":"2020-11-22T12:50:02","slug":"le-programme-des-echanges-de-jeunes-du-rotary-batit-la-paix-petit-a-petit","status":"publish","type":"page","link":"https:\/\/rotarytempleuveenpevele.org\/index.php\/les-actions-jeunesses\/le-programme-des-echanges-de-jeunes-du-rotary-batit-la-paix-petit-a-petit\/","title":{"rendered":"Les Echanges de Jeunes"},"content":{"rendered":"\n<p>Le programme des \u00c9changes de jeunes du Rotary b\u00e2tit la paix petit \u00e0 petit.<\/p>\n\n\n\n<p>La d\u00e9couverte d\u2019autres cultures est sans nul doute l\u2019un des meilleurs moyens de promouvoir l\u2019entente internationale et la paix. Le programme Youth Exchange du Rotary offre \u00e0 des milliers de jeunes la possibilit\u00e9 d\u2019effectuer un s\u00e9jour en famille \u00e0 l\u2019\u00e9tranger et de mieux conna\u00eetre la culture et les coutumes du pays concern\u00e9.<\/p>\n\n\n\n<p>Les jeunes deviennent ainsi de v\u00e9ritables citoyens du monde. <\/p>\n\n\n\n<p>Ces \u00e9changes sont destin\u00e9s aux 15-19 ans et ils sont parrain\u00e9s par des Rotary clubs dans une centaine de pays.<\/p>\n\n\n\n<figure class=\"wp-block-image size-large\"><img fetchpriority=\"high\" decoding=\"async\" width=\"1024\" height=\"768\" src=\"http:\/\/rotaryo.cluster030.hosting.ovh.net\/wp-content\/uploads\/2020\/11\/IMG_8552-1024x768.jpeg\" alt=\"\" class=\"wp-image-163\" srcset=\"https:\/\/rotarytempleuveenpevele.org\/wp-content\/uploads\/2020\/11\/IMG_8552-1024x768.jpeg 1024w, https:\/\/rotarytempleuveenpevele.org\/wp-content\/uploads\/2020\/11\/IMG_8552-300x225.jpeg 300w, https:\/\/rotarytempleuveenpevele.org\/wp-content\/uploads\/2020\/11\/IMG_8552-768x576.jpeg 768w, https:\/\/rotarytempleuveenpevele.org\/wp-content\/uploads\/2020\/11\/IMG_8552-1536x1152.jpeg 1536w, https:\/\/rotarytempleuveenpevele.org\/wp-content\/uploads\/2020\/11\/IMG_8552-2048x1536.jpeg 2048w\" sizes=\"(max-width: 1024px) 100vw, 1024px\" \/><\/figure>\n\n\n\n<h2 class=\"wp-block-heading\">Pourquoi partir en \u00e9change ?<\/h2>\n\n\n\n<p>Les participants valorisent leur v\u00e9ritable potentiel en :<\/p>\n\n\n\n<ul class=\"wp-block-list\"><li>D\u00e9veloppant des aptitudes au leadership<\/li><li>Apprenant une nouvelle langue et d\u00e9couvrant une nouvelle culture<\/li><li>Nouant des amiti\u00e9s avec d\u2019autres jeunes du monde entier<\/li><li>Devenant un v\u00e9ritable citoyen du monde<\/li><\/ul>\n\n\n\n<h2 class=\"wp-block-heading\">Combien de temps durent les \u00e9changes ?<\/h2>\n\n\n\n<p>Les \u00e9changes scolaires d\u2019un an couvrent une ann\u00e9e scolaire. Les participants poursuivent leur scolarit\u00e9 \u00e0 l\u2019\u00e9tranger et vivent dans plusieurs familles d\u2019accueil.<\/p>\n\n\n\n<p>Les \u00e9changes courts durent de quelques jours \u00e0 trois mois et sont souvent structur\u00e9s autour de camps, d\u2019excursions ou de s\u00e9jours chez l\u2019habitant en dehors des p\u00e9riodes scolaires.<\/p>\n\n\n\n<h2 class=\"wp-block-heading\">Quels sont les co\u00fbts ?<\/h2>\n\n\n\n<p>L\u2019h\u00e9bergement en pension compl\u00e8te ainsi que les frais de scolarit\u00e9 sont pris en charge. Les co\u00fbts varient selon les pays, mais les frais suivants restent g\u00e9n\u00e9ralement \u00e0 la charge du participant :<\/p>\n\n\n\n<ul class=\"wp-block-list\"><li>Billet aller-retour<\/li><li>Assurance voyage<\/li><li>Frais de passeport et de visa<\/li><li>Argent de poche, voyages et excursions<\/li><\/ul>\n\n\n\n<h2 class=\"wp-block-heading\">Comment postuler ?<\/h2>\n\n\n\n<p>Vous  pouvez contacter notre club pour conna\u00eetre les options propos\u00e9es et la proc\u00e9dure \u00e0 suivre.<\/p>\n\n\n\n<p>Pour en savoir plus sur les Echanges de Jeunes&nbsp;visitez le site: <a href=\"http:\/\/www.crjfr.org\" data-type=\"URL\" data-id=\"www.crjfr.org\">www.crjfr.org<\/a><\/p>\n\n\n\n<figure class=\"wp-block-image size-large\"><img decoding=\"async\" width=\"1024\" height=\"768\" src=\"http:\/\/rotaryo.cluster030.hosting.ovh.net\/wp-content\/uploads\/2020\/11\/IMG_7971-1024x768.jpeg\" alt=\"\" class=\"wp-image-162\" srcset=\"https:\/\/rotarytempleuveenpevele.org\/wp-content\/uploads\/2020\/11\/IMG_7971-1024x768.jpeg 1024w, https:\/\/rotarytempleuveenpevele.org\/wp-content\/uploads\/2020\/11\/IMG_7971-300x225.jpeg 300w, https:\/\/rotarytempleuveenpevele.org\/wp-content\/uploads\/2020\/11\/IMG_7971-768x576.jpeg 768w, https:\/\/rotarytempleuveenpevele.org\/wp-content\/uploads\/2020\/11\/IMG_7971-1536x1152.jpeg 1536w, https:\/\/rotarytempleuveenpevele.org\/wp-content\/uploads\/2020\/11\/IMG_7971-2048x1536.jpeg 2048w\" sizes=\"(max-width: 1024px) 100vw, 1024px\" \/><\/figure>\n","protected":false},"excerpt":{"rendered":"<p>Le programme des \u00c9changes de jeunes du Rotary b\u00e2tit la paix petit \u00e0 petit. La d\u00e9couverte d\u2019autres cultures est sans nul doute l\u2019un des meilleurs<\/p>\n","protected":false},"author":3,"featured_media":0,"parent":144,"menu_order":0,"comment_status":"closed","ping_status":"closed","template":"","meta":{"_eb_attr":"","footnotes":""},"class_list":["post-148","page","type-page","status-publish","hentry"],"aioseo_notices":[],"_links":{"self":[{"href":"https:\/\/rotarytempleuveenpevele.org\/index.php\/wp-json\/wp\/v2\/pages\/148","targetHints":{"allow":["GET"]}}],"collection":[{"href":"https:\/\/rotarytempleuveenpevele.org\/index.php\/wp-json\/wp\/v2\/pages"}],"about":[{"href":"https:\/\/rotarytempleuveenpevele.org\/index.php\/wp-json\/wp\/v2\/types\/page"}],"author":[{"embeddable":true,"href":"https:\/\/rotarytempleuveenpevele.org\/index.php\/wp-json\/wp\/v2\/users\/3"}],"replies":[{"embeddable":true,"href":"https:\/\/rotarytempleuveenpevele.org\/index.php\/wp-json\/wp\/v2\/comments?post=148"}],"version-history":[{"count":7,"href":"https:\/\/rotarytempleuveenpevele.org\/index.php\/wp-json\/wp\/v2\/pages\/148\/revisions"}],"predecessor-version":[{"id":194,"href":"https:\/\/rotarytempleuveenpevele.org\/index.php\/wp-json\/wp\/v2\/pages\/148\/revisions\/194"}],"up":[{"embeddable":true,"href":"https:\/\/rotarytempleuveenpevele.org\/index.php\/wp-json\/wp\/v2\/pages\/144"}],"wp:attachment":[{"href":"https:\/\/rotarytempleuveenpevele.org\/index.php\/wp-json\/wp\/v2\/media?parent=148"}],"curies":[{"name":"wp","href":"https:\/\/api.w.org\/{rel}","templated":true}]}}