{"id":167,"date":"2020-11-14T19:20:32","date_gmt":"2020-11-14T18:20:32","guid":{"rendered":"http:\/\/rotaryo.cluster030.hosting.ovh.net\/?page_id=167"},"modified":"2020-11-14T19:27:40","modified_gmt":"2020-11-14T18:27:40","slug":"quest-ce-que-le-rotary","status":"publish","type":"page","link":"https:\/\/rotarytempleuveenpevele.org\/index.php\/le-rotary\/quest-ce-que-le-rotary\/","title":{"rendered":"Qu&rsquo;est ce que le Rotary"},"content":{"rendered":"\n<p>Le fondateur du Rotary est un avocat de Chicago nomm\u00e9 Paul Harris.  Quand il cr\u00e9a le Rotary, il avait dans l&rsquo;id\u00e9e de rassembler des hommes d&rsquo;affaires d&rsquo;horizon diff\u00e9rents afin de promouvoir l&rsquo;\u00e9change d&rsquo;id\u00e9e et de cr\u00e9er des relations durables.   Mais tr\u00e8s vite, la notion humanitaire s&rsquo;est greff\u00e9e aux objectifs premiers.<\/p>\n\n\n\n<figure class=\"wp-block-image\"><img decoding=\"async\" src=\"http:\/\/rotaryo.cluster030.hosting.ovh.net\/wp-content\/uploads\/2020\/09\/150225_harris.jpg\" alt=\"L\u2019attribut alt de cette image est vide, son nom de fichier est 150225_harris.jpg.\"\/><\/figure>\n\n\n\n<p><\/p>\n\n\n\n<p><\/p>\n\n\n\n<p class=\"has-text-align-left\">Depuis cette premi\u00e8re r\u00e9union du 23 f\u00e9vrier 1905, et suivant les devises officielles,  <em>Servir d\u2019abord <\/em>et <em>Qui sert le mieux profite le plus<\/em> , le Rotary n&rsquo;a de cesse de se d\u00e9velopper.  L&rsquo;organisation maintenant internationale est pr\u00e9sente sur six continents. <\/p>\n\n\n\n<p>Cette organisation maintenant internationale est pr\u00e9sente sur six continents.<\/p>\n\n\n\n<p><\/p>\n\n\n\n<p><\/p>\n\n\n\n<p><\/p>\n\n\n\n<p><\/p>\n\n\n\n<p class=\"has-text-align-left\">Le Rotary mobilise ses membres sur six axes strat\u00e9giques afin de d\u00e9velopper des relations internationales d\u2019am\u00e9liorer les conditions de vie et de cr\u00e9er un monde meilleur pour soutenir nos efforts de paix:<\/p>\n\n\n\n<ol class=\"wp-block-list\"><li>La promotion de la paix<\/li><li>La lutte contre les maladies<\/li><li>l&rsquo;acc\u00e8s \u00e0 l&rsquo;eau potable.<\/li><li>La sant\u00e9 des m\u00e8res et des enfants<\/li><li>L&rsquo;\u00e9ducation.<\/li><li>Le d\u00e9veloppement des \u00e9conomies locales<\/li><\/ol>\n\n\n\n<p><strong><em>Le Rotary de Templeuve s&rsquo;engage dans des actions locales afin d&rsquo;aider les associations de la P\u00e9v\u00e8le !<\/em><\/strong><\/p>\n\n\n\n<p><\/p>\n\n\n\n<p>Vous trouverez des informations sur le site : <a rel=\"noreferrer noopener\" href=\"https:\/\/www.rotary.org\/fr\/\" target=\"_blank\">www.myrotary.org<\/a><\/p>\n\n\n\n<p><\/p>\n\n\n","protected":false},"excerpt":{"rendered":"<p>Le fondateur du Rotary est un avocat de Chicago nomm\u00e9 Paul Harris. Quand il cr\u00e9a le Rotary, il avait dans l&rsquo;id\u00e9e de rassembler des hommes<\/p>\n","protected":false},"author":3,"featured_media":0,"parent":50,"menu_order":0,"comment_status":"closed","ping_status":"closed","template":"","meta":{"_eb_attr":"","footnotes":""},"class_list":["post-167","page","type-page","status-publish","hentry"],"aioseo_notices":[],"_links":{"self":[{"href":"https:\/\/rotarytempleuveenpevele.org\/index.php\/wp-json\/wp\/v2\/pages\/167","targetHints":{"allow":["GET"]}}],"collection":[{"href":"https:\/\/rotarytempleuveenpevele.org\/index.php\/wp-json\/wp\/v2\/pages"}],"about":[{"href":"https:\/\/rotarytempleuveenpevele.org\/index.php\/wp-json\/wp\/v2\/types\/page"}],"author":[{"embeddable":true,"href":"https:\/\/rotarytempleuveenpevele.org\/index.php\/wp-json\/wp\/v2\/users\/3"}],"replies":[{"embeddable":true,"href":"https:\/\/rotarytempleuveenpevele.org\/index.php\/wp-json\/wp\/v2\/comments?post=167"}],"version-history":[{"count":6,"href":"https:\/\/rotarytempleuveenpevele.org\/index.php\/wp-json\/wp\/v2\/pages\/167\/revisions"}],"predecessor-version":[{"id":175,"href":"https:\/\/rotarytempleuveenpevele.org\/index.php\/wp-json\/wp\/v2\/pages\/167\/revisions\/175"}],"up":[{"embeddable":true,"href":"https:\/\/rotarytempleuveenpevele.org\/index.php\/wp-json\/wp\/v2\/pages\/50"}],"wp:attachment":[{"href":"https:\/\/rotarytempleuveenpevele.org\/index.php\/wp-json\/wp\/v2\/media?parent=167"}],"curies":[{"name":"wp","href":"https:\/\/api.w.org\/{rel}","templated":true}]}}