{"id":287,"date":"2021-03-13T19:20:15","date_gmt":"2021-03-13T18:20:15","guid":{"rendered":"http:\/\/rotaryo.cluster030.hosting.ovh.net\/?page_id=287"},"modified":"2021-03-13T19:32:38","modified_gmt":"2021-03-13T18:32:38","slug":"la-fondation-rotary","status":"publish","type":"page","link":"https:\/\/rotarytempleuveenpevele.org\/index.php\/la-fondation-rotary\/","title":{"rendered":"La Fondation Rotary"},"content":{"rendered":"\n<p>La Fondation, c&rsquo;est simple !<\/p>\n\n\n\n<p>==> C&rsquo;est \u00ab\u00a0faire le bien dans le monde\u00a0\u00bben aidant les Clubs \u00e0 r\u00e9aliser des actions qui rendront le Rotary plus visible.<\/p>\n\n\n\n<p>C&rsquo;est Arch Klumphen 1917, alors Pr\u00e9sident du RI, qui a \u00e9mis l&rsquo;id\u00e9e d&rsquo;un fond de dotation.Les d\u00e9buts furent laborieux et ce n&rsquo;est qu&rsquo;en 1928 quand le fond eut d\u00e9pass\u00e9 5000$ qu&rsquo;il devint officiellement Fondation Rotary <\/p>\n\n\n\n<p>Aujourd&rsquo;hui,les contributions faites \u00e0 la Fondation d\u00e9passent le Milliard de dollars !<\/p>\n\n\n\n<figure class=\"wp-block-embed is-type-video is-provider-youtube wp-block-embed-youtube wp-embed-aspect-16-9 wp-has-aspect-ratio\"><div class=\"wp-block-embed__wrapper\">\n<iframe title=\"La Fondation Rotary : un si\u00e8cle \u00e0 faire le bien dans le monde\" width=\"640\" height=\"360\" src=\"https:\/\/www.youtube.com\/embed\/TyuymN4cWRk?feature=oembed\" frameborder=\"0\" allow=\"accelerometer; autoplay; clipboard-write; encrypted-media; gyroscope; picture-in-picture; web-share\" referrerpolicy=\"strict-origin-when-cross-origin\" allowfullscreen><\/iframe>\n<\/div><\/figure>\n","protected":false},"excerpt":{"rendered":"<p>La Fondation, c&rsquo;est simple ! ==> C&rsquo;est \u00ab\u00a0faire le bien dans le monde\u00a0\u00bben aidant les Clubs \u00e0 r\u00e9aliser des actions qui rendront le Rotary plus<\/p>\n","protected":false},"author":3,"featured_media":0,"parent":0,"menu_order":0,"comment_status":"closed","ping_status":"closed","template":"","meta":{"_eb_attr":"","footnotes":""},"class_list":["post-287","page","type-page","status-publish","hentry"],"aioseo_notices":[],"_links":{"self":[{"href":"https:\/\/rotarytempleuveenpevele.org\/index.php\/wp-json\/wp\/v2\/pages\/287","targetHints":{"allow":["GET"]}}],"collection":[{"href":"https:\/\/rotarytempleuveenpevele.org\/index.php\/wp-json\/wp\/v2\/pages"}],"about":[{"href":"https:\/\/rotarytempleuveenpevele.org\/index.php\/wp-json\/wp\/v2\/types\/page"}],"author":[{"embeddable":true,"href":"https:\/\/rotarytempleuveenpevele.org\/index.php\/wp-json\/wp\/v2\/users\/3"}],"replies":[{"embeddable":true,"href":"https:\/\/rotarytempleuveenpevele.org\/index.php\/wp-json\/wp\/v2\/comments?post=287"}],"version-history":[{"count":2,"href":"https:\/\/rotarytempleuveenpevele.org\/index.php\/wp-json\/wp\/v2\/pages\/287\/revisions"}],"predecessor-version":[{"id":293,"href":"https:\/\/rotarytempleuveenpevele.org\/index.php\/wp-json\/wp\/v2\/pages\/287\/revisions\/293"}],"wp:attachment":[{"href":"https:\/\/rotarytempleuveenpevele.org\/index.php\/wp-json\/wp\/v2\/media?parent=287"}],"curies":[{"name":"wp","href":"https:\/\/api.w.org\/{rel}","templated":true}]}}