{"id":302,"date":"2021-03-13T20:50:02","date_gmt":"2021-03-13T19:50:02","guid":{"rendered":"http:\/\/rotaryo.cluster030.hosting.ovh.net\/?page_id=302"},"modified":"2021-05-15T11:38:27","modified_gmt":"2021-05-15T09:38:27","slug":"rejoindre-le-rotary","status":"publish","type":"page","link":"https:\/\/rotarytempleuveenpevele.org\/index.php\/rejoindre-le-rotary\/","title":{"rendered":"REJOINDRE LE ROTARY"},"content":{"rendered":"\n<h3 class=\"wp-block-heading\">Comment puis-je devenir Rotarien ?<\/h3>\n\n\n\n<figure class=\"wp-block-image size-large\"><img fetchpriority=\"high\" decoding=\"async\" width=\"600\" height=\"207\" src=\"http:\/\/rotaryo.cluster030.hosting.ovh.net\/wp-content\/uploads\/2021\/03\/puzle.jpg\" alt=\"\" class=\"wp-image-303\" srcset=\"https:\/\/rotarytempleuveenpevele.org\/wp-content\/uploads\/2021\/03\/puzle.jpg 600w, https:\/\/rotarytempleuveenpevele.org\/wp-content\/uploads\/2021\/03\/puzle-300x104.jpg 300w\" sizes=\"(max-width: 600px) 100vw, 600px\" \/><\/figure>\n\n\n\n<p>Si vous souhaitez rejoindre notre Rotary Club, il suffit de soumettre votre candidature en renseignant les champs de la rubrique <a href=\"http:\/\/www.rotary-club-grasse.org\/contact.html\" target=\"_blank\" rel=\"noreferrer noopener\">CONTACTEZ-NOUS<\/a>.<\/p>\n\n\n\n<p>Votre candidature sera examin\u00e9e et parrain\u00e9e par un ou deux membres de notre club.<br>Vous serez invit\u00e9 par un parrain, \u00e0 participer \u00e0 une ou plusieurs r\u00e9unions du club pour vous familiariser avec le Rotary. Le parrain soumettra ensuite votre candidature \u00e0 la commission Effectif du club (veuillez noter que l\u2019admission \u00e0 un Rotary club se fait uniquement par cooptation).<\/p>\n\n\n\n<h3 class=\"wp-block-heading\">Quels sont les crit\u00e8res d&rsquo;admission ?<\/h3>\n\n\n\n<p>Le candidat doit&nbsp;:<\/p>\n\n\n\n<ul class=\"wp-block-list\"><li>Occuper (ou avoir occup\u00e9) un poste de profession lib\u00e9rale, de chef d\u2019entreprise, de commer\u00e7ant, d&rsquo;artisan, de cadre&nbsp;ou \u00eatre -ou avoir \u00e9t\u00e9- dirigeant au sein de sa collectivit\u00e9,<\/li><li>Avoir d\u00e9montr\u00e9 son engagement pour le service par une implication personnelle,<\/li><li>Pouvoir respecter les r\u00e8gles d\u2019assiduit\u00e9 et de participation aux actions du club,<\/li><li>Vivre ou travailler dans la ville du club ou dans sa r\u00e9gion.<\/li><\/ul>\n\n\n\n<h3 class=\"wp-block-heading\">Quels sont les responsabilit\u00e9s des membres ?<\/h3>\n\n\n\n<p>Les membres sont tenus :<\/p>\n\n\n\n<ul class=\"wp-block-list\"><li>d\u2019assister, dans la mesure du possible, aux r\u00e9unions du club,<\/li><li>de s&rsquo;acquitter de leur cotisation annuelle,<\/li><li>et de participer \u00e0 des actions d\u2019int\u00e9r\u00eat public locales ou internationales mont\u00e9es par le club.<\/li><\/ul>\n\n\n\n<p>Le club encourage ses membres \u00e0 aspirer \u00e0 des postes \u00e0 responsabilit\u00e9s au sein du club et \u00e0 participer activement \u00e0 des commissions du club.<\/p>\n\n\n\n<h3 class=\"wp-block-heading\">Quel est l&rsquo;\u00e2ge minimum pour devenir Rotarien ?<\/h3>\n\n\n\n<p>Il n\u2019y a pas d\u2019\u00e2ge minimum pour rejoindre le Rotary et les jeunes sont bienvenus. Vous pouvez \u00eatre invit\u00e9 \u00e0 rejoindre le Rotary \u00e0 tout \u00e2ge, \u00e0 partir du moment o\u00f9 vous \u00eates \u00e9tabli dans votre carri\u00e8re.<\/p>\n\n\n\n<h3 class=\"wp-block-heading\">Les \u00e9tudiants d&rsquo;universit\u00e9 peuvent-ils devenir Rotariens ?<\/h3>\n\n\n\n<p>Non. Les Rotariens sont des personnes accomplies dans leur vie professionnelle, en mesure d\u2019apporter leur comp\u00e9tence au Rotary Club&nbsp;; les \u00e9tudiants n\u2019ont, par d\u00e9finition, pas encore atteint la maturit\u00e9 professionnelle et personnelle requise pour remplir toutes les obligations d\u2019un rotarien.<\/p>\n\n\n\n<p>Cependant, les \u00e9tudiants de premier, deuxi\u00e8me et troisi\u00e8me cycle, de m\u00eame que les jeunes adultes, peuvent devenir membres de <strong><a href=\"http:\/\/www.rotaract-annecy.org\/\" target=\"_blank\" rel=\"noreferrer noopener\">clubs Rotaract<\/a><\/strong>.<\/p>\n\n\n\n<h3 class=\"wp-block-heading\">Les lyc\u00e9ens peuvent-ils s&rsquo;impliquer ?<\/h3>\n\n\n\n<p>Oui. Par le biais de l\u2019Interact qui est une association de clubs-services parrain\u00e9s par le Rotary, destin\u00e9s aux lyc\u00e9ens de 14 \u00e0 18 ans. Les clubs Interact permettent aux jeunes de s\u2019impliquer dans des actions \u00ab\u00a0fun\u00a0\u00bb et utiles tout en d\u00e9veloppant leur aptitude au leadership et de nouer des amiti\u00e9s.<\/p>\n","protected":false},"excerpt":{"rendered":"<p>Comment puis-je devenir Rotarien ? Si vous souhaitez rejoindre notre Rotary Club, il suffit de soumettre votre candidature en renseignant les champs de la rubrique<\/p>\n","protected":false},"author":3,"featured_media":0,"parent":0,"menu_order":0,"comment_status":"closed","ping_status":"closed","template":"","meta":{"_eb_attr":"","footnotes":""},"class_list":["post-302","page","type-page","status-publish","hentry"],"aioseo_notices":[],"_links":{"self":[{"href":"https:\/\/rotarytempleuveenpevele.org\/index.php\/wp-json\/wp\/v2\/pages\/302","targetHints":{"allow":["GET"]}}],"collection":[{"href":"https:\/\/rotarytempleuveenpevele.org\/index.php\/wp-json\/wp\/v2\/pages"}],"about":[{"href":"https:\/\/rotarytempleuveenpevele.org\/index.php\/wp-json\/wp\/v2\/types\/page"}],"author":[{"embeddable":true,"href":"https:\/\/rotarytempleuveenpevele.org\/index.php\/wp-json\/wp\/v2\/users\/3"}],"replies":[{"embeddable":true,"href":"https:\/\/rotarytempleuveenpevele.org\/index.php\/wp-json\/wp\/v2\/comments?post=302"}],"version-history":[{"count":4,"href":"https:\/\/rotarytempleuveenpevele.org\/index.php\/wp-json\/wp\/v2\/pages\/302\/revisions"}],"predecessor-version":[{"id":363,"href":"https:\/\/rotarytempleuveenpevele.org\/index.php\/wp-json\/wp\/v2\/pages\/302\/revisions\/363"}],"wp:attachment":[{"href":"https:\/\/rotarytempleuveenpevele.org\/index.php\/wp-json\/wp\/v2\/media?parent=302"}],"curies":[{"name":"wp","href":"https:\/\/api.w.org\/{rel}","templated":true}]}}